{"id":7865,"date":"2021-11-17T10:46:42","date_gmt":"2021-11-17T09:46:42","guid":{"rendered":"https:\/\/momentum.lu\/vie-privee\/"},"modified":"2025-02-21T17:17:05","modified_gmt":"2025-02-21T16:17:05","slug":"privacidad","status":"publish","type":"page","link":"https:\/\/momentum.lu\/es\/privacidad\/","title":{"rendered":"[Privacidad]"},"content":{"rendered":"\t\t<div data-elementor-type=\"wp-page\" data-elementor-id=\"7865\" class=\"elementor elementor-7865 elementor-8\" data-elementor-post-type=\"page\">\n\t\t\t\t\t\t<section class=\"elementor-section elementor-top-section elementor-element elementor-element-7f576a5 elementor-section-height-min-height elementor-section-boxed elementor-section-height-default elementor-section-items-middle\" data-id=\"7f576a5\" data-element_type=\"section\" data-settings=\"{&quot;background_background&quot;:&quot;classic&quot;}\">\n\t\t\t\t\t\t\t<div class=\"elementor-background-overlay\"><\/div>\n\t\t\t\t\t\t\t<div class=\"elementor-container elementor-column-gap-default\">\n\t\t\t\t\t<div class=\"elementor-column elementor-col-100 elementor-top-column elementor-element elementor-element-b4a77a0\" data-id=\"b4a77a0\" data-element_type=\"column\">\n\t\t\t<div class=\"elementor-widget-wrap elementor-element-populated\">\n\t\t\t\t\t\t<div class=\"elementor-element elementor-element-3d7585e elementor-widget elementor-widget-heading\" data-id=\"3d7585e\" data-element_type=\"widget\" data-settings=\"{&quot;motion_fx_motion_fx_scrolling&quot;:&quot;yes&quot;,&quot;motion_fx_translateY_effect&quot;:&quot;yes&quot;,&quot;motion_fx_translateY_direction&quot;:&quot;negative&quot;,&quot;motion_fx_translateY_speed&quot;:{&quot;unit&quot;:&quot;px&quot;,&quot;size&quot;:3,&quot;sizes&quot;:[]},&quot;motion_fx_translateY_affectedRange&quot;:{&quot;unit&quot;:&quot;%&quot;,&quot;size&quot;:&quot;&quot;,&quot;sizes&quot;:{&quot;start&quot;:0,&quot;end&quot;:100}},&quot;motion_fx_devices&quot;:[&quot;widescreen&quot;,&quot;desktop&quot;,&quot;tablet&quot;,&quot;mobile&quot;]}\" data-widget_type=\"heading.default\">\n\t\t\t\t<div class=\"elementor-widget-container\">\n\t\t\t\t\t<h2 class=\"elementor-heading-title elementor-size-default\">Protecci\u00f3n de datos personales<\/h2>\t\t\t\t<\/div>\n\t\t\t\t<\/div>\n\t\t\t\t\t<\/div>\n\t\t<\/div>\n\t\t\t\t\t<\/div>\n\t\t<\/section>\n\t\t\t\t<section class=\"elementor-section elementor-top-section elementor-element elementor-element-d81b4e4 elementor-section-boxed elementor-section-height-default elementor-section-height-default\" data-id=\"d81b4e4\" data-element_type=\"section\">\n\t\t\t\t\t\t<div class=\"elementor-container elementor-column-gap-default\">\n\t\t\t\t\t<div class=\"elementor-column elementor-col-100 elementor-top-column elementor-element elementor-element-446cabf\" data-id=\"446cabf\" data-element_type=\"column\">\n\t\t\t<div class=\"elementor-widget-wrap elementor-element-populated\">\n\t\t\t\t\t\t<div class=\"elementor-element elementor-element-39a43c8 elementor-widget elementor-widget-text-editor\" data-id=\"39a43c8\" data-element_type=\"widget\" data-widget_type=\"text-editor.default\">\n\t\t\t\t<div class=\"elementor-widget-container\">\n\t\t\t\t\t\t\t\t\t<p>El 25 de abril de 2018 entr\u00f3 en vigor el nuevo Reglamento Europeo UE 2016\/679 de 27 de abril de 2016 relativo a la protecci\u00f3n de las personas f\u00edsicas en lo que respecta al tratamiento de datos personales y a la libre circulaci\u00f3n de estos datos (RGPD).<\/p><p>Como parte de su relaci\u00f3n con Momentum AM, el suministro y la recopilaci\u00f3n de datos personales es de crucial importancia a la hora de evaluar su situaci\u00f3n financiera global, as\u00ed como para entender perfectamente sus expectativas.<\/p><p><em>Tratamiento y finalidad de los datos personales<\/em><\/p><p>Todos los datos personales que Usted nos ha confiado o que hemos obtenido de terceros son tratados por Momentum AM \u00fanicamente con el fin de cumplir con nuestras obligaciones legales y reglamentarias y para garantizar la correcta ejecuci\u00f3n del contrato de servicios firmado entre Usted y Momentum AM.<\/p><p>Momentum AM podr\u00e1 compartir sus datos personales con terceros, profesionales del sector financiero pero s\u00f3lo para los fines mencionados anteriormente.<\/p><p>La integridad de sus datos est\u00e1 asegurada almacen\u00e1ndolos en servidores inform\u00e1ticos altamente protegidos que cumplen con las normas establecidas por el Reglamento Europeo (GDPR).<\/p><p>Momentum AM conserva sus datos personales durante el tiempo que sea necesario para lograr los fines mencionados anteriormente. Del mismo modo, eliminamos o anonimizamos los datos personales (o tomamos medidas equivalentes) en cuanto dejan de ser necesarios.<\/p><p><em>Sus derechos<\/em><\/p><p>De acuerdo con la legislaci\u00f3n aplicable y a la normativa vigente mencionada anteriormente, dado que estos datos le pertenecen, Usted tiene derecho a recibir una copia de sus datos personales que almacenamos o en su caso, solicitar su rectificaci\u00f3n o supresi\u00f3n.<\/p><p>Simplemente env\u00ede su solicitud por correo postal o electr\u00f3nico a:<\/p><p>Momentum Asset Management SA<br \/>Direcci\u00f3n General<br \/>1, Place del Th\u00e9\u00e2tre<br \/>L &#8211; 2613 Luxembourg<br \/><em><u><a href=\"mailto:contact@momentum.lu\">contacto@momentum.lu<\/a><\/u><\/em><\/p><p>Para obtener m\u00e1s informaci\u00f3n sobre este nuevo reglamento, puede visitar la p\u00e1gina web de la CNPD. ( <a href=\"http:\/\/www.cnpd.lu\/\">www.cnpd.lu<\/a> )<u><br \/><\/u><\/p>\t\t\t\t\t\t\t\t<\/div>\n\t\t\t\t<\/div>\n\t\t\t\t\t<\/div>\n\t\t<\/div>\n\t\t\t\t\t<\/div>\n\t\t<\/section>\n\t\t\t\t<\/div>\n\t\t","protected":false},"excerpt":{"rendered":"<p>Protecci\u00f3n de datos personales El 25 de abril de 2018 entr\u00f3 en vigor el nuevo Reglamento Europeo UE 2016\/679 de 27 de abril de 2016 relativo a la protecci\u00f3n de las personas f\u00edsicas en lo que respecta al tratamiento de datos personales y a la libre circulaci\u00f3n de estos datos (RGPD). Como parte de su [&hellip;]<\/p>\n","protected":false},"author":1,"featured_media":0,"parent":0,"menu_order":0,"comment_status":"closed","ping_status":"closed","template":"elementor_header_footer","meta":{"_seopress_robots_primary_cat":"","_seopress_titles_title":"","_seopress_titles_desc":"","_seopress_robots_index":"","inline_featured_image":false,"footnotes":""},"class_list":["post-7865","page","type-page","status-publish","hentry"],"_links":{"self":[{"href":"https:\/\/momentum.lu\/es\/wp-json\/wp\/v2\/pages\/7865","targetHints":{"allow":["GET"]}}],"collection":[{"href":"https:\/\/momentum.lu\/es\/wp-json\/wp\/v2\/pages"}],"about":[{"href":"https:\/\/momentum.lu\/es\/wp-json\/wp\/v2\/types\/page"}],"author":[{"embeddable":true,"href":"https:\/\/momentum.lu\/es\/wp-json\/wp\/v2\/users\/1"}],"replies":[{"embeddable":true,"href":"https:\/\/momentum.lu\/es\/wp-json\/wp\/v2\/comments?post=7865"}],"version-history":[{"count":17,"href":"https:\/\/momentum.lu\/es\/wp-json\/wp\/v2\/pages\/7865\/revisions"}],"predecessor-version":[{"id":8650,"href":"https:\/\/momentum.lu\/es\/wp-json\/wp\/v2\/pages\/7865\/revisions\/8650"}],"wp:attachment":[{"href":"https:\/\/momentum.lu\/es\/wp-json\/wp\/v2\/media?parent=7865"}],"curies":[{"name":"wp","href":"https:\/\/api.w.org\/{rel}","templated":true}]}}