{"id":7605,"date":"2021-11-17T12:08:35","date_gmt":"2021-11-17T11:08:35","guid":{"rendered":"https:\/\/momentum.lu\/politique-de-cookies\/"},"modified":"2025-02-21T17:23:37","modified_gmt":"2025-02-21T16:23:37","slug":"politica-de-cookies","status":"publish","type":"page","link":"https:\/\/momentum.lu\/ca\/politica-de-cookies\/","title":{"rendered":"[POL\u00cdTICA DE COOKIES]"},"content":{"rendered":"\t\t<div data-elementor-type=\"wp-page\" data-elementor-id=\"7605\" class=\"elementor elementor-7605 elementor-33\" data-elementor-post-type=\"page\">\n\t\t\t\t\t\t<section class=\"elementor-section elementor-top-section elementor-element elementor-element-5997678 elementor-section-height-min-height elementor-section-boxed elementor-section-height-default elementor-section-items-middle\" data-id=\"5997678\" data-element_type=\"section\" data-settings=\"{&quot;background_background&quot;:&quot;classic&quot;}\">\n\t\t\t\t\t\t\t<div class=\"elementor-background-overlay\"><\/div>\n\t\t\t\t\t\t\t<div class=\"elementor-container elementor-column-gap-default\">\n\t\t\t\t\t<div class=\"elementor-column elementor-col-100 elementor-top-column elementor-element elementor-element-e8fb91e\" data-id=\"e8fb91e\" data-element_type=\"column\">\n\t\t\t<div class=\"elementor-widget-wrap elementor-element-populated\">\n\t\t\t\t\t\t<div class=\"elementor-element elementor-element-20e06b2 elementor-widget elementor-widget-heading\" data-id=\"20e06b2\" data-element_type=\"widget\" data-settings=\"{&quot;motion_fx_motion_fx_scrolling&quot;:&quot;yes&quot;,&quot;motion_fx_translateY_effect&quot;:&quot;yes&quot;,&quot;motion_fx_translateY_direction&quot;:&quot;negative&quot;,&quot;motion_fx_translateY_speed&quot;:{&quot;unit&quot;:&quot;px&quot;,&quot;size&quot;:3,&quot;sizes&quot;:[]},&quot;motion_fx_translateY_affectedRange&quot;:{&quot;unit&quot;:&quot;%&quot;,&quot;size&quot;:&quot;&quot;,&quot;sizes&quot;:{&quot;start&quot;:0,&quot;end&quot;:100}},&quot;motion_fx_devices&quot;:[&quot;widescreen&quot;,&quot;desktop&quot;,&quot;tablet&quot;,&quot;mobile&quot;]}\" data-widget_type=\"heading.default\">\n\t\t\t\t<div class=\"elementor-widget-container\">\n\t\t\t\t\t<h2 class=\"elementor-heading-title elementor-size-default\">Pol\u00edtica de cookies - MOMENTUM<\/h2>\t\t\t\t<\/div>\n\t\t\t\t<\/div>\n\t\t\t\t\t<\/div>\n\t\t<\/div>\n\t\t\t\t\t<\/div>\n\t\t<\/section>\n\t\t\t\t<section class=\"elementor-section elementor-top-section elementor-element elementor-element-8b7d699 elementor-section-boxed elementor-section-height-default elementor-section-height-default\" data-id=\"8b7d699\" data-element_type=\"section\">\n\t\t\t\t\t\t<div class=\"elementor-container elementor-column-gap-default\">\n\t\t\t\t\t<div class=\"elementor-column elementor-col-100 elementor-top-column elementor-element elementor-element-99d0ede\" data-id=\"99d0ede\" data-element_type=\"column\">\n\t\t\t<div class=\"elementor-widget-wrap elementor-element-populated\">\n\t\t\t\t\t\t<div class=\"elementor-element elementor-element-39fbf0d elementor-widget elementor-widget-text-editor\" data-id=\"39fbf0d\" data-element_type=\"widget\" data-widget_type=\"text-editor.default\">\n\t\t\t\t<div class=\"elementor-widget-container\">\n\t\t\t\t\t\t\t\t\t<div>\n<p>Aquesta pol\u00edtica de cookies explica qu\u00e8 son les cookies, com els utilitzem, aix\u00ed com els tipus de cookies que utilitzem. En altres paraules, detalla quina informaci\u00f3 recopilem mitjan\u00e7ant les cookies, com s&#8217;utilitza aquesta informaci\u00f3 i com controlar les prefer\u00e8ncies de les cookies. Per a mes informaci\u00f3 sobre com utilitzem, emmagatzemem i protegim les seves dades personals, consulti la nostra pol\u00edtica de privacitat. En qualsevol moment pot canviar o retirar el seu consentiment sobre les cookies a la nostra p\u00e0gina web. Per obtenir mes informaci\u00f3 sobre qui som, com pot contactar amb nosaltres i com processem les dades personals, consulti la nostra pol\u00edtica de privacitat. El seu consentiment s&#8217;aplica al seg\u00fcent domini: momentum.lu<\/p>\n<p><b>Qu\u00e8 son les cookies?<\/b><\/p>\n<p>Les cookies son petits arxius de text que s&#8217;utilitzen per emmagatzemar petites peces d&#8217;informaci\u00f3. Es guarden al seu dispositiu quan carrega la nostra p\u00e0gina web al seu navegador. Aquestes cookies ens ajuden a fer que la nostra p\u00e0gina web funcioni correctament, a fer-la mes segura, a proporcionar una millor experi\u00e8ncia d&#8217;usuari, a entendre com funciona la nostra p\u00e0gina web i a analitzar qu\u00e8 funciona i qu\u00e8 cal millorar.<\/p>\n<p><b>Com utilitzem les cookies?<\/b><\/p>\n<p>Com la majoria dels serveis en l\u00ednia, la nostra p\u00e0gina web utilitza cookies pr\u00f2pies i de tercers per a diversos fins. Les cookies pr\u00f2pies son principalment necess\u00e0ries perqu\u00e8 la nostra p\u00e0gina web funcioni correctament i no recopili cap informaci\u00f3 que pugui identificar-li personalment. Les cookies de tercers utilitzades a la nostra p\u00e0gina web s&#8217;utilitzen principalment per entendre com funciona la nostra p\u00e0gina web, com interactua Vost\u00e8 amb la nostra p\u00e0gina web, per garantir la seguretat dels nostres serveis, per oferir anuncis rellevants per a Vost\u00e8 i en general, per oferir-li una millor i mes r\u00e0pida experi\u00e8ncia d&#8217;usuari i accelerar les seves futures interaccions amb la nostra p\u00e0gina web.<\/p>\n<p><b>Quins tipus de cookies utilitzem? <\/b><\/p>\n<p><b>Essencials:<\/b><\/p>\n<p>Algunes cookies son essencials perqu\u00e8 pugui gaudir de totes les funcions de la nostra p\u00e0gina web. Ens permeten mantenir les sessions d&#8217;usuari i prevenir amenaces de seguretat. No recopilen ni emmagatzemen informaci\u00f3 personal. Per exemple, aquestes cookies li permeten iniciar sessi\u00f3 al seu compte, afegir productes a la seva cistella de la compra i realitzar el pagament de manera segura.<\/p>\n<p><b>Estad\u00edstiques:<\/b><\/p>\n<p>Aquestes cookies emmagatzemen informaci\u00f3 com el n<span style=\"color: var( --e-global-color-text );\">\u00famero&nbsp;<\/span><span style=\"color: var( --e-global-color-text );\">de visitants a la nostra p\u00e0gina web, el&nbsp;<\/span>n<span style=\"color: var( --e-global-color-text );\">\u00famero&nbsp;<\/span><span style=\"color: var( --e-global-color-text );\">de visitants \u00fanics, les p\u00e0gines de la web que s&#8217;han visitat, l&#8217;origen de la visita, etc. Aquestes dades ens ajuden a comprendre i analitzar el rendiment de la nostra web i les \u00e0rees de millora.<\/span><\/p>\n<p><b>M\u00e0rqueting:<\/b><\/p>\n<p>La nostra p\u00e0gina web mostra anuncis. Aquestes cookies s&#8217;utilitzen per personalitzar els anuncis que li mostrem perqu\u00e8 siguin significatius per a Vost\u00e8. Aquestes cookies tamb\u00e9 ens ajuden a fer un seguiment de l&#8217;efic\u00e0cia d&#8217;aquestes campanyes publicit\u00e0ries. La informaci\u00f3 emmagatzemada en aquestes cookies tamb\u00e9 pot ser usada per tercers, prove\u00efdors d\u2019anuncis, amb l\u2019objectiu de mostrar-li anuncis en altres p\u00e0gines web del navegador.<\/p>\n<p><b>Funcionals:<\/b><\/p>\n<p>Son les cookies que permeten utilitzar determinades funcions no essencials de&nbsp; la nostre p\u00e0gina web. Aquestes funcions inclouen la integraci\u00f3 de continguts tal com v\u00eddeos o la distribuci\u00f3 de continguts de la p\u00e0gina web en plataformes de xarxes socials.<\/p>\n<p><b>Prefer\u00e8ncies:<\/b><\/p>\n<p>Aquestes cookies ens ajuden a guardar la seva configuraci\u00f3 i les seves prefer\u00e8ncies de navegaci\u00f3, com per exemple l&#8217;idioma, perqu\u00e8 pugui gaudir d&#8217;una experi\u00e8ncia mes aut\u00e8ntica en les seves futures visites a la nostra p\u00e0gina web.<\/p>\n<\/div>\t\t\t\t\t\t\t\t<\/div>\n\t\t\t\t<\/div>\n\t\t\t\t\t<\/div>\n\t\t<\/div>\n\t\t\t\t\t<\/div>\n\t\t<\/section>\n\t\t\t\t<\/div>\n\t\t","protected":false},"excerpt":{"rendered":"<p>Pol\u00edtica de cookies &#8211; MOMENTUM Aquesta pol\u00edtica de cookies explica qu\u00e8 son les cookies, com els utilitzem, aix\u00ed com els tipus de cookies que utilitzem. En altres paraules, detalla quina informaci\u00f3 recopilem mitjan\u00e7ant les cookies, com s&#8217;utilitza aquesta informaci\u00f3 i com controlar les prefer\u00e8ncies de les cookies. Per a mes informaci\u00f3 sobre com utilitzem, emmagatzemem [&hellip;]<\/p>\n","protected":false},"author":1,"featured_media":0,"parent":0,"menu_order":0,"comment_status":"closed","ping_status":"closed","template":"elementor_header_footer","meta":{"_seopress_robots_primary_cat":"","_seopress_titles_title":"","_seopress_titles_desc":"","_seopress_robots_index":"","inline_featured_image":false,"footnotes":""},"class_list":["post-7605","page","type-page","status-publish","hentry"],"_links":{"self":[{"href":"https:\/\/momentum.lu\/ca\/wp-json\/wp\/v2\/pages\/7605","targetHints":{"allow":["GET"]}}],"collection":[{"href":"https:\/\/momentum.lu\/ca\/wp-json\/wp\/v2\/pages"}],"about":[{"href":"https:\/\/momentum.lu\/ca\/wp-json\/wp\/v2\/types\/page"}],"author":[{"embeddable":true,"href":"https:\/\/momentum.lu\/ca\/wp-json\/wp\/v2\/users\/1"}],"replies":[{"embeddable":true,"href":"https:\/\/momentum.lu\/ca\/wp-json\/wp\/v2\/comments?post=7605"}],"version-history":[{"count":14,"href":"https:\/\/momentum.lu\/ca\/wp-json\/wp\/v2\/pages\/7605\/revisions"}],"predecessor-version":[{"id":8675,"href":"https:\/\/momentum.lu\/ca\/wp-json\/wp\/v2\/pages\/7605\/revisions\/8675"}],"wp:attachment":[{"href":"https:\/\/momentum.lu\/ca\/wp-json\/wp\/v2\/media?parent=7605"}],"curies":[{"name":"wp","href":"https:\/\/api.w.org\/{rel}","templated":true}]}}