{"id":7593,"date":"2021-11-17T10:47:34","date_gmt":"2021-11-17T09:47:34","guid":{"rendered":"https:\/\/momentum.lu\/legal\/millor-execucio-seleccio\/"},"modified":"2025-02-18T14:37:31","modified_gmt":"2025-02-18T13:37:31","slug":"millor-execucio-seleccio","status":"publish","type":"page","link":"https:\/\/momentum.lu\/ca\/avisos-legal\/millor-execucio-seleccio\/","title":{"rendered":"MILLOR EXECUCI\u00d3 \/ SELECCI\u00d3"},"content":{"rendered":"\t\t<div data-elementor-type=\"wp-page\" data-elementor-id=\"7593\" class=\"elementor elementor-7593 elementor-14\" data-elementor-post-type=\"page\">\n\t\t\t\t\t\t<section class=\"elementor-section elementor-top-section elementor-element elementor-element-af5f54e elementor-section-height-min-height elementor-section-boxed elementor-section-height-default elementor-section-items-middle\" data-id=\"af5f54e\" data-element_type=\"section\" data-settings=\"{&quot;background_background&quot;:&quot;classic&quot;}\">\n\t\t\t\t\t\t<div class=\"elementor-container elementor-column-gap-default\">\n\t\t\t\t\t<div class=\"elementor-column elementor-col-100 elementor-top-column elementor-element elementor-element-3304e5f\" data-id=\"3304e5f\" data-element_type=\"column\">\n\t\t\t<div class=\"elementor-widget-wrap elementor-element-populated\">\n\t\t\t\t\t\t<div class=\"elementor-element elementor-element-c4fa734 elementor-widget elementor-widget-heading\" data-id=\"c4fa734\" data-element_type=\"widget\" data-widget_type=\"heading.default\">\n\t\t\t\t<div class=\"elementor-widget-container\">\n\t\t\t\t\t<h2 class=\"elementor-heading-title elementor-size-default\">MILLOR EXECUCI\u00d3 \/ Selecci\u00f3\n<\/h2>\t\t\t\t<\/div>\n\t\t\t\t<\/div>\n\t\t\t\t\t<\/div>\n\t\t<\/div>\n\t\t\t\t\t<\/div>\n\t\t<\/section>\n\t\t\t\t<section class=\"elementor-section elementor-top-section elementor-element elementor-element-a475a50 elementor-section-boxed elementor-section-height-default elementor-section-height-default\" data-id=\"a475a50\" data-element_type=\"section\" data-settings=\"{&quot;background_background&quot;:&quot;classic&quot;}\">\n\t\t\t\t\t\t<div class=\"elementor-container elementor-column-gap-default\">\n\t\t\t\t\t<div class=\"elementor-column elementor-col-100 elementor-top-column elementor-element elementor-element-71dc436\" data-id=\"71dc436\" data-element_type=\"column\">\n\t\t\t<div class=\"elementor-widget-wrap elementor-element-populated\">\n\t\t\t\t\t\t<div class=\"elementor-element elementor-element-530c97e elementor-widget elementor-widget-pp-breadcrumbs\" data-id=\"530c97e\" data-element_type=\"widget\" data-settings=\"{&quot;breadcrumbs_type&quot;:&quot;powerpack&quot;}\" data-widget_type=\"pp-breadcrumbs.default\">\n\t\t\t\t<div class=\"elementor-widget-container\">\n\t\t\t\t\t<ul class=\"pp-breadcrumbs pp-breadcrumbs-powerpack\"><\/ul>\t\t\t\t<\/div>\n\t\t\t\t<\/div>\n\t\t\t\t\t<\/div>\n\t\t<\/div>\n\t\t\t\t\t<\/div>\n\t\t<\/section>\n\t\t\t\t<section class=\"elementor-section elementor-top-section elementor-element elementor-element-36e5fad elementor-section-boxed elementor-section-height-default elementor-section-height-default\" data-id=\"36e5fad\" data-element_type=\"section\">\n\t\t\t\t\t\t<div class=\"elementor-container elementor-column-gap-default\">\n\t\t\t\t\t<div class=\"elementor-column elementor-col-100 elementor-top-column elementor-element elementor-element-99bcd6f\" data-id=\"99bcd6f\" data-element_type=\"column\">\n\t\t\t<div class=\"elementor-widget-wrap elementor-element-populated\">\n\t\t\t\t\t\t<div class=\"elementor-element elementor-element-a86db0c elementor-widget elementor-widget-text-editor\" data-id=\"a86db0c\" data-element_type=\"widget\" data-widget_type=\"text-editor.default\">\n\t\t\t\t<div class=\"elementor-widget-container\">\n\t\t\t\t\t\t\t\t\t<p>En el marc de la seva activitat de gesti\u00f3 discrecional, Momentum AM transmet cada ordre d&#8217;inversi\u00f3 per a la seva execuci\u00f3 al banc dipositari on est\u00e0 obert el compte del Client i on estan dipositats els seus actius.<br \/>El mitj\u00e0 utilitzat per transmetre les nostres ordres es el proporcionat pel banc. En la majoria dels casos, es tracta d&#8217;una plataforma inform\u00e0tica professional amb acc\u00e9s dedicat i segur conforme als millors est\u00e0ndards actuals.<\/p><p>El banc dipositari est\u00e0 obligat a realitzar aquestes operacions en les millors condicions (Millor Execuci\u00f3), aplicant criteris de selecci\u00f3 de les seves contrapartides (Millor Selecci\u00f3), establint pol\u00edtiques i procediments que garanteixin al Client un resultat satisfactori i a informar freq\u00fcentment al Client dels resultats del seus an\u00e0lisis quan procedeixi.<br \/>Momentum AM no es membre directe ni indirecte de cap plataforma de negociaci\u00f3 i no actua com a operador final en els mercats.<\/p><p>Aix\u00f2 no ens eximeix de la nostra obligaci\u00f3 d&#8217;actuar en el millor inter\u00e8s del Client, fins i tot quan confiem a un tercer l&#8217;execuci\u00f3 d&#8217;una ordre al seu compte. Per aquest motiu, la nostra pol\u00edtica de selecci\u00f3 inclou controls de les operacions transmeses i una avaluaci\u00f3 peri\u00f2dica de la qualitat del servei prestat pel banc dipositari.<br \/>Per a una mostra representativa d&#8217;operacions, comprovem el preu de l&#8217;instrument financer, les despeses aplicades a l&#8217;operaci\u00f3, si s&#8217;ha anotat la quantitat correcta al compte correcte i si la liquidaci\u00f3 s&#8217;ha realitzat dins del termini establert, segons el tipus d&#8217;instrument. Tamb\u00e9 ens preocupem d&#8217;obtenir confirmaci\u00f3 del banc dipositari sobre el compliment de les seves pol\u00edtiques de &#8220;Millor Execuci\u00f3&#8221; i &#8220;Millor Selecci\u00f3\u201d.<\/p><p>La descripci\u00f3 de la nostra pol\u00edtica de millor selecci\u00f3 d&#8217;entitats es resumeix a les nostres Condicions Generals.<\/p>\t\t\t\t\t\t\t\t<\/div>\n\t\t\t\t<\/div>\n\t\t\t\t\t<\/div>\n\t\t<\/div>\n\t\t\t\t\t<\/div>\n\t\t<\/section>\n\t\t\t\t<section class=\"elementor-section elementor-top-section elementor-element elementor-element-1aa6293 elementor-section-boxed elementor-section-height-default elementor-section-height-default\" data-id=\"1aa6293\" data-element_type=\"section\" data-settings=\"{&quot;background_background&quot;:&quot;classic&quot;}\">\n\t\t\t\t\t\t<div class=\"elementor-container elementor-column-gap-default\">\n\t\t\t\t\t<div class=\"elementor-column elementor-col-25 elementor-top-column elementor-element elementor-element-e3c5b44\" data-id=\"e3c5b44\" data-element_type=\"column\">\n\t\t\t<div class=\"elementor-widget-wrap elementor-element-populated\">\n\t\t\t\t\t\t<div class=\"elementor-element elementor-element-6c4abd2 elementor-view-default elementor-widget elementor-widget-icon\" data-id=\"6c4abd2\" data-element_type=\"widget\" data-widget_type=\"icon.default\">\n\t\t\t\t<div class=\"elementor-widget-container\">\n\t\t\t\t\t\t\t<div class=\"elementor-icon-wrapper\">\n\t\t\t<a class=\"elementor-icon\" href=\"https:\/\/momentum.lu\/legal\/conflit-dinterets\/\">\n\t\t\t<svg xmlns=\"http:\/\/www.w3.org\/2000\/svg\" height=\"480pt\" viewBox=\"0 0 480 480.00673\" width=\"480pt\"><path d=\"m448.003906 464.007812v-352h-64v352h-24v-272h-64v272h-24v-208h-64v208h-16v-144h-64v144h-24v-96h-64v96h-24v-463.9999995h-15.99999975v479.9999995h479.99999975v-16zm-392 0v-80h32v80zm88 0v-128h32v128zm80 0v-192h32v192zm88 0v-256h32v256zm88 0v-336h32v336zm0 0\"><\/path><path d=\"m72.003906 344.007812c13.253906 0 24-10.746093 24-24-.027344-3.9375-1.035156-7.808593-2.9375-11.257812l49.601563-54.632812c8.519531 3.738281 18.4375 2.160156 25.375-4.039063 6.941406-6.195313 9.625-15.871094 6.871093-24.757813l51.511719-37.503906c8.785157 6.003906 20.472657 5.511719 28.71875-1.210937 8.246094-6.726563 11.078125-18.074219 6.960938-27.886719l54.625-49.601562c3.460937 1.886718 7.332031 2.878906 11.273437 2.890624 13.253906 0 24-10.746093 24-24-.03125-2.300781-.402344-4.585937-1.097656-6.777343l51.496094-37.457031c9.097656 6.257812 21.285156 5.5 29.539062-1.832032 8.253906-7.332031 10.441406-19.347656 5.300782-29.117187-5.140626-9.769531-16.28125-14.773438-26.996094-12.125-10.71875 2.652343-18.246094 12.269531-18.242188 23.308593.03125 2.300782.398438 4.582032 1.09375 6.773438l-51.496094 37.457031c-8.777343-6.007812-20.464843-5.515625-28.710937 1.203125s-11.085937 18.066406-6.976563 27.878906l-54.621093 49.597657c-3.460938-1.898438-7.34375-2.898438-11.289063-2.910157-13.253906 0-24 10.742188-24 24 .03125 2.300782.398438 4.582032 1.09375 6.773438l-51.496094 37.496094c-9.074218-6.398438-21.367187-5.691406-29.648437 1.710937-8.285156 7.402344-10.363281 19.539063-5.023437 29.273438l-49.597657 54.632812c-8.960937-3.78125-19.320312-1.78125-26.226562 5.066407-6.910157 6.847656-9 17.1875-5.296875 26.183593 3.703125 8.992188 12.46875 14.863281 22.195312 14.863281zm344-328c4.417969 0 8 3.582032 8 8 0 4.417969-3.582031 8-8 8-4.417968 0-8-3.582031-8-8 0-4.417968 3.582032-8 8-8zm-88 64c4.417969 0 8 3.582032 8 8 0 4.417969-3.582031 8-8 8-4.417968 0-8-3.582031-8-8 0-4.417968 3.582032-8 8-8zm-88 80c4.417969 0 8 3.582032 8 8 0 4.417969-3.582031 8-8 8-4.417968 0-8-3.582031-8-8 0-4.417968 3.582032-8 8-8zm-88 64c4.417969 0 8 3.582032 8 8 0 4.417969-3.582031 8-8 8-4.417968 0-8-3.582031-8-8 0-4.417968 3.582032-8 8-8zm-80 88c4.417969 0 8 3.582032 8 8 0 4.417969-3.582031 8-8 8-4.417968 0-8-3.582031-8-8 0-4.417968 3.582032-8 8-8zm0 0\"><\/path><\/svg>\t\t\t<\/a>\n\t\t<\/div>\n\t\t\t\t\t\t<\/div>\n\t\t\t\t<\/div>\n\t\t\t\t<div class=\"elementor-element elementor-element-ecb2a6c elementor-widescreen-align-center elementor-align-center elementor-tablet-align-justify elementor-mobile-align-center elementor-widget elementor-widget-button\" data-id=\"ecb2a6c\" data-element_type=\"widget\" data-widget_type=\"button.default\">\n\t\t\t\t<div class=\"elementor-widget-container\">\n\t\t\t\t\t\t\t\t\t<div class=\"elementor-button-wrapper\">\n\t\t\t\t\t<a class=\"elementor-button elementor-button-link elementor-size-sm\" href=\"https:\/\/momentum.lu\/ca\/avisos-legal\/conflicte-dinteressos\/\">\n\t\t\t\t\t\t<span class=\"elementor-button-content-wrapper\">\n\t\t\t\t\t\t\t\t\t<span class=\"elementor-button-text\">[CONFLICTES D\u2019INTERESSOS]<\/span>\n\t\t\t\t\t<\/span>\n\t\t\t\t\t<\/a>\n\t\t\t\t<\/div>\n\t\t\t\t\t\t\t\t<\/div>\n\t\t\t\t<\/div>\n\t\t\t\t\t<\/div>\n\t\t<\/div>\n\t\t\t\t<div class=\"elementor-column elementor-col-25 elementor-top-column elementor-element elementor-element-0ae6511\" data-id=\"0ae6511\" data-element_type=\"column\">\n\t\t\t<div class=\"elementor-widget-wrap elementor-element-populated\">\n\t\t\t\t\t\t<div class=\"elementor-element elementor-element-b82e52b elementor-view-default elementor-widget elementor-widget-icon\" data-id=\"b82e52b\" data-element_type=\"widget\" data-widget_type=\"icon.default\">\n\t\t\t\t<div class=\"elementor-widget-container\">\n\t\t\t\t\t\t\t<div class=\"elementor-icon-wrapper\">\n\t\t\t<a class=\"elementor-icon\" href=\"https:\/\/momentum.lu\/legal\/general-disclaimer\/\">\n\t\t\t<svg xmlns=\"http:\/\/www.w3.org\/2000\/svg\" id=\"a\" height=\"512\" viewBox=\"0 0 64 64\" width=\"512\"><path d=\"m4 7c0 .55.45 1 1 1h7v21h2v-22c0-1.13-.39-2.16-1.03-3h26.03c2.76 0 5 2.24 5 5v7c-3.47 0-6.67 1.12-9.29 3h-12.71v2h10.41c-1.12 1.18-2.05 2.53-2.78 4h-13.63v2h12.81c-.42 1.27-.67 2.61-.76 4h-6.05v2h6.05c.09 1.39.34 2.73.76 4h-12.81v2h13.63c.72 1.47 1.66 2.82 2.78 4h-10.41v2h12.71c2.62 1.88 5.83 3 9.29 3v6h-22.52c-.42 0-.8.27-.94.67-1.02 2.87-3.58 4.9-6.54 5.27v-24.94h-2v26c0 .55.45 1 1 1h34c1.88 0 3.64-.73 4.94-2.05 1.33-1.31 2.06-3.07 2.06-4.95 0-.55-.45-1-1-1h-7v-6.14c7.88-.99 14-7.72 14-15.86s-6.12-14.87-14-15.86v-7.14c0-3.86-3.14-7-7-7h-30c-2.76 0-5 2.24-5 5zm47.9 49c-.19.96-.66 1.83-1.37 2.54-.94.94-2.19 1.46-3.53 1.46h-28.01c1.36-1.02 2.47-2.39 3.17-4zm6.1-24c0 7.72-6.28 14-14 14s-14-6.28-14-14 6.28-14 14-14 14 6.28 14 14zm-49-28c1.3 0 2.42.84 2.83 2h-5.66c.41-1.16 1.53-2 2.83-2z\"><\/path><path d=\"m12 31h2v2h-2z\"><\/path><path d=\"m44 29c-1.65 0-3 1.35-3 3v8c0 1.65 1.35 3 3 3s3-1.35 3-3v-8c0-1.65-1.35-3-3-3zm1 11c0 .55-.45 1-1 1s-1-.45-1-1v-8c0-.55.45-1 1-1s1 .45 1 1z\"><\/path><path d=\"m41 25c0 1.65 1.35 3 3 3s3-1.35 3-3-1.35-3-3-3-3 1.35-3 3zm4 0c0 .55-.45 1-1 1s-1-.45-1-1 .45-1 1-1 1 .45 1 1z\"><\/path><path d=\"m16 7h4v2h-4z\"><\/path><path d=\"m22 7h20v2h-20z\"><\/path><path d=\"m38 13h4v2h-4z\"><\/path><path d=\"m16 13h20v2h-20z\"><\/path><path d=\"m16 19h4v2h-4z\"><\/path><path d=\"m16 31h4v2h-4z\"><\/path><path d=\"m16 43h4v2h-4z\"><\/path><path d=\"m38 49h4v2h-4z\"><\/path><path d=\"m16 49h20v2h-20z\"><\/path><\/svg>\t\t\t<\/a>\n\t\t<\/div>\n\t\t\t\t\t\t<\/div>\n\t\t\t\t<\/div>\n\t\t\t\t<div class=\"elementor-element elementor-element-c935f4f elementor-widescreen-align-center elementor-align-center elementor-tablet-align-justify elementor-mobile-align-center elementor-widget elementor-widget-button\" data-id=\"c935f4f\" data-element_type=\"widget\" data-widget_type=\"button.default\">\n\t\t\t\t<div class=\"elementor-widget-container\">\n\t\t\t\t\t\t\t\t\t<div class=\"elementor-button-wrapper\">\n\t\t\t\t\t<a class=\"elementor-button elementor-button-link elementor-size-sm\" href=\"https:\/\/momentum.lu\/ca\/avisos-legal\/exempcio-de-responsabilitat-general\/\">\n\t\t\t\t\t\t<span class=\"elementor-button-content-wrapper\">\n\t\t\t\t\t\t\t\t\t<span class=\"elementor-button-text\">[DISCLAIMER]<\/span>\n\t\t\t\t\t<\/span>\n\t\t\t\t\t<\/a>\n\t\t\t\t<\/div>\n\t\t\t\t\t\t\t\t<\/div>\n\t\t\t\t<\/div>\n\t\t\t\t\t<\/div>\n\t\t<\/div>\n\t\t\t\t<div class=\"elementor-column elementor-col-25 elementor-top-column elementor-element elementor-element-fc12651\" data-id=\"fc12651\" data-element_type=\"column\">\n\t\t\t<div class=\"elementor-widget-wrap elementor-element-populated\">\n\t\t\t\t\t\t<div class=\"elementor-element elementor-element-1ce5825 elementor-view-default elementor-widget elementor-widget-icon\" data-id=\"1ce5825\" data-element_type=\"widget\" data-widget_type=\"icon.default\">\n\t\t\t\t<div class=\"elementor-widget-container\">\n\t\t\t\t\t\t\t<div class=\"elementor-icon-wrapper\">\n\t\t\t<a class=\"elementor-icon\" href=\"https:\/\/momentum.lu\/legal\/reclamation\/\">\n\t\t\t<svg xmlns=\"http:\/\/www.w3.org\/2000\/svg\" height=\"511pt\" viewBox=\"0 -16 511.99991 511\" width=\"511pt\"><path d=\"m247.359375 178.722656c3.335937 3.167969 8.882813 2.527344 11.417969-1.296875l49.917968-75.335937c2.289063-3.453125 1.34375-8.109375-2.109374-10.398438-3.449219-2.285156-8.105469-1.339844-10.394532 2.109375l-44.984375 67.890625-24.996093-23.734375c-3.003907-2.851562-7.75-2.726562-10.605469.277344-2.851563 3.003906-2.726563 7.75.277343 10.601563-.003906 0 31.449219 29.863281 31.476563 29.886718zm0 0\"><\/path><path d=\"m252.476562 293.117188c1.433594.65625 3.019532 1.003906 4.597657 1.003906h.0625c1.605469-.007813 3.214843-.375 4.652343-1.0625 114.046876-54.238282 133.375-171.261719 136.578126-205.835938.734374-7.894531-3.710938-15.246094-11.058594-18.292968-22.703125-9.425782-38.136719-30.503907-40.277344-55.007813-.660156-7.542969-7.105469-13.421875-14.699219-13.421875h-.089843l-153.648438.902344c-7.746094.042968-14.039062 5.929687-14.632812 13.691406-1.890626 24.511719-17.097657 45.742188-39.6875 55.40625-7.273438 3.109375-11.609376 10.5-10.78125 18.390625 3.609374 34.535156 24.308593 151.328125 138.984374 204.226563zm-122.304687-208.828126c27.699219-11.84375 46.359375-37.847656 48.730469-67.890624l153.207031-.898438c2.722656 29.976562 21.648437 55.742188 49.449219 67.28125 1.242187.519531 1.996094 1.746094 1.875 3.058594-3.007813 32.402344-21.003906 141.65625-126.386719 192.855468-105.988281-49.953124-125.25-158.996093-128.640625-191.363281-.136719-1.308593.574219-2.53125 1.765625-3.042969zm0 0\"><\/path><path d=\"m148.898438 125.867188c.90625 3.335937 5.136718 6.390624 9.207031 5.269531 3.992187-1.101563 6.355469-5.207031 5.269531-9.203125-1.910156-7.039063-3.515625-14.175782-4.777344-21.246094 20.375-13.277344 35.496094-33.09375 42.914063-56.238281l108.3125-.636719c7.6875 23.050781 23.039062 42.695312 43.570312 55.730469-1.175781 7.089843-2.699219 14.25-4.53125 21.316406-1.039062 4.011719 1.371094 8.105469 5.378907 9.144531 4.015624 1.039063 8.105468-1.371094 9.144531-5.382812 2.148437-8.296875 3.898437-16.71875 5.195312-25.03125.726563-4.644532-1.398437-9.210938-5.40625-11.632813-19.125-11.550781-33.261719-29.671875-39.804687-51.023437-1.472656-4.800782-6-8.136719-11.023438-8.136719h-.070312l-113.398438.664063c-5.054687.03125-9.578125 3.433593-10.996094 8.269531-6.289062 21.425781-20.214843 39.710937-39.203124 51.488281-3.980469 2.464844-6.046876 7.054688-5.269532 11.695312 1.398438 8.292969 3.242188 16.6875 5.488282 24.953126zm0 0\"><\/path><path d=\"m348.226562 148.105469c-3.828124-1.585938-8.210937.242187-9.792968 4.070312-17.332032 42.007813-44.769532 73.945313-81.574219 94.964844-37.089844-20.613281-64.925781-52.28125-82.746094-94.15625-1.625-3.808594-6.03125-5.582031-9.839843-3.960937-3.8125 1.621093-5.585938 6.027343-3.964844 9.835937 19.449218 45.695313 50.089844 80.144531 91.070312 102.382813 1.726563.941406 3.617188 1.40625 5.503906 1.40625 1.933594 0 3.863282-.488282 5.621094-1.46875 40.671875-22.691407 70.882813-57.441407 89.796875-103.285157 1.582031-3.828125-.242187-8.210937-4.074219-9.789062zm0 0\"><\/path><path d=\"m48.121094 384.273438c-14.628906 0-26.535156 11.902343-26.535156 26.535156 0 14.632812 11.90625 26.535156 26.535156 26.535156 14.632812 0 26.539062-11.902344 26.539062-26.535156 0-14.632813-11.902344-26.535156-26.539062-26.535156zm0 38.070312c-6.359375 0-11.535156-5.171875-11.535156-11.535156 0-6.359375 5.175781-11.535156 11.535156-11.535156 6.363281 0 11.539062 5.175781 11.539062 11.535156 0 6.363281-5.175781 11.535156-11.539062 11.535156zm0 0\"><\/path><path d=\"m506.621094 310.847656c-9.613282-14.125-28.96875-17.867187-43.144532-8.34375l-98.046874 65.621094-20.929688-1.175781-.535156-5.359375c-2.085938-20.988282-18.128906-37.710938-39.011719-40.664063-.132813-.019531-.261719-.035156-.394531-.046875l-105.648438-9.257812c-3.574218-.558594-15.015625-3.84375-46.453125-21.875-16.339843-9.371094-34.75-14.660156-53.453125-15.378906v-19.621094c0-9.847656-8.007812-17.855469-17.855468-17.855469h-63.292969c-9.84375 0-17.855469 8.011719-17.855469 17.855469v193.246094c0 9.84375 8.011719 17.855468 17.855469 17.855468h63.292969c9.84375 0 17.855468-8.011718 17.855468-17.855468v-5.324219l92.351563 34.972656c.203125.078125 7.703125 2.882813 21.492187 1.582031.039063-.003906 153.449219-22.121094 153.449219-22.121094.039063-.003906.074219-.011718.113281-.019531 13.109375-2.089843 25.472656-7.632812 35.757813-16.019531.09375-.078125.183593-.15625.273437-.234375l99.105469-89.136719c11.679687-10.371094 13.863281-27.929687 5.074219-40.84375zm-15.070313 29.660156-99 89.042969c-8.195312 6.644531-18.03125 11.039063-28.453125 12.710938l-153.335937 22.105469c-.035157.003906-.085938.011718-.132813.019531-.023437.003906-.050781.007812-.074218.011719-4.585938.722656-9.363282.417968-14.203126-.90625l-97.347656-36.863282v-85.652344c0-4.144531-3.359375-7.5-7.5-7.5-4.144531 0-7.5 3.355469-7.5 7.5v107.015626c0 1.574218-1.28125 2.855468-2.855468 2.855468h-63.292969c-1.574219 0-2.855469-1.28125-2.855469-2.855468v-193.246094c0-1.574219 1.28125-2.855469 2.855469-2.855469h63.292969c1.574218 0 2.855468 1.28125 2.855468 2.855469v52.351562c0 4.144532 3.359375 7.5 7.5 7.5 4.144532 0 7.5-3.359375 7.5-7.5v-17.714844c16.089844.710938 31.917969 5.304688 45.988282 13.378907 37.917968 21.746093 48.507812 23.246093 51.988281 23.738281.132812.019531.261719.03125.394531.046875l105.660156 9.257813c13.929688 2.058593 24.609375 13.246093 26.003906 27.269531l.398438 3.996093-141.457031 8.734376c-.097657-.007813-.195313-.015626-.28125-.023438-4.585938-.414062-8.726563-2.582031-11.667969-6.105469-2.652344-3.183593-7.382812-3.613281-10.5625-.957031-3.183594 2.652344-3.613281 7.382812-.957031 10.5625 5.503906 6.601562 13.269531 10.550781 21.851562 11.441406 4.632813.484375 151.324219-9.132812 151.324219-9.132812l29.40625 1.652344c1.625.09375 3.238281-.351563 4.589844-1.257813l100.148437-67.023437c7.355469-4.941407 17.398438-3.003907 22.386719 4.324218 4.558594 6.703125 3.425781 15.8125-2.667969 21.222656zm0 0\"><\/path><\/svg>\t\t\t<\/a>\n\t\t<\/div>\n\t\t\t\t\t\t<\/div>\n\t\t\t\t<\/div>\n\t\t\t\t<div class=\"elementor-element elementor-element-8dc7d8d elementor-widescreen-align-center elementor-align-center elementor-tablet-align-justify elementor-mobile-align-center elementor-widget elementor-widget-button\" data-id=\"8dc7d8d\" data-element_type=\"widget\" data-widget_type=\"button.default\">\n\t\t\t\t<div class=\"elementor-widget-container\">\n\t\t\t\t\t\t\t\t\t<div class=\"elementor-button-wrapper\">\n\t\t\t\t\t<a class=\"elementor-button elementor-button-link elementor-size-sm\" href=\"https:\/\/momentum.lu\/ca\/avisos-legal\/reclamacio\/\">\n\t\t\t\t\t\t<span class=\"elementor-button-content-wrapper\">\n\t\t\t\t\t\t\t\t\t<span class=\"elementor-button-text\">[RECLAMACI\u00d3]<\/span>\n\t\t\t\t\t<\/span>\n\t\t\t\t\t<\/a>\n\t\t\t\t<\/div>\n\t\t\t\t\t\t\t\t<\/div>\n\t\t\t\t<\/div>\n\t\t\t\t\t<\/div>\n\t\t<\/div>\n\t\t\t\t<div class=\"elementor-column elementor-col-25 elementor-top-column elementor-element elementor-element-0c12e13\" data-id=\"0c12e13\" data-element_type=\"column\">\n\t\t\t<div class=\"elementor-widget-wrap elementor-element-populated\">\n\t\t\t\t\t\t<div class=\"elementor-element elementor-element-56fb5ba elementor-view-default elementor-widget elementor-widget-icon\" data-id=\"56fb5ba\" data-element_type=\"widget\" data-widget_type=\"icon.default\">\n\t\t\t\t<div class=\"elementor-widget-container\">\n\t\t\t\t\t\t\t<div class=\"elementor-icon-wrapper\">\n\t\t\t<a class=\"elementor-icon\" href=\"https:\/\/momentum.lu\/legal\/criteres-esg\/\">\n\t\t\t<svg xmlns=\"http:\/\/www.w3.org\/2000\/svg\" id=\"Capa_1\" height=\"512\" viewBox=\"0 0 512 512\" width=\"512\"><path d=\"m69.55 386h-33.55c-5.523 0-10 4.477-10 10v66c0 5.523 4.477 10 10 10h20v30c0 5.523 4.477 10 10 10h410c5.522 0 10-4.477 10-10v-492c0-5.523-4.478-10-10-10h-115c-5.522 0-10 4.477-10 10s4.478 10 10 10h105v472h-230v-20h20c5.522 0 10-4.477 10-10v-66c0-5.523-4.478-10-10-10h-37.5c-15.839 0-24.276-15.587-27.168-22.288-9.121-21.134-6.668-46.968 5.701-60.089 12.231-12.961 18.967-29.874 18.967-47.623 0-35.202-26.123-64.406-60-69.274v-166.726h115c5.522 0 10-4.477 10-10s-4.478-10-10-10h-125c-5.523 0-10 4.477-10 10v176.722c-29.906 4.17-52.579 27.043-58.358 53.972-4.896 22.837 1.268 45.615 16.915 62.496 14.514 15.655 13.511 39.84 6.079 56.864-5.476 12.543-16.518 25.946-31.086 25.946zm146.45 106h-140v-20h140zm30-40h-200v-46h200zm-148.803-207.112c4.411-20.555 23.557-38.888 48.803-38.888 27.57 0 50 22.43 50 50 0 12.625-4.799 24.663-13.517 33.9-20.171 21.396-20.055 57.314-9.515 81.737 2.316 5.367 5.068 10.169 8.188 14.363h-73.073c4.237-5.15 7.926-11.174 10.882-17.945 12.252-28.065 8.428-58.864-9.741-78.462-11.154-12.035-15.538-28.33-12.027-44.705z\"><\/path><path d=\"m356 312c-38.598 0-70 31.402-70 70s31.402 70 70 70 70-31.402 70-70-31.402-70-70-70zm0 120c-27.57 0-50-22.43-50-50s22.43-50 50-50 50 22.43 50 50-22.43 50-50 50z\"><\/path><path d=\"m296 66h-90c-5.523 0-10 4.477-10 10s4.477 10 10 10h90c5.522 0 10-4.477 10-10s-4.478-10-10-10z\"><\/path><path d=\"m196 136c0 5.523 4.477 10 10 10h210c5.522 0 10-4.477 10-10s-4.478-10-10-10h-210c-5.523 0-10 4.477-10 10z\"><\/path><path d=\"m416 186h-150c-5.522 0-10 4.477-10 10s4.478 10 10 10h150c5.522 0 10-4.477 10-10s-4.478-10-10-10z\"><\/path><path d=\"m416 246h-150c-5.522 0-10 4.477-10 10s4.478 10 10 10h150c5.522 0 10-4.477 10-10s-4.478-10-10-10z\"><\/path><circle cx=\"316\" cy=\"10\" r=\"10\"><\/circle><\/svg>\t\t\t<\/a>\n\t\t<\/div>\n\t\t\t\t\t\t<\/div>\n\t\t\t\t<\/div>\n\t\t\t\t<div class=\"elementor-element elementor-element-60b5907 elementor-widescreen-align-center elementor-align-center elementor-tablet-align-justify elementor-mobile-align-center elementor-widget elementor-widget-button\" data-id=\"60b5907\" data-element_type=\"widget\" data-widget_type=\"button.default\">\n\t\t\t\t<div class=\"elementor-widget-container\">\n\t\t\t\t\t\t\t\t\t<div class=\"elementor-button-wrapper\">\n\t\t\t\t\t<a class=\"elementor-button elementor-button-link elementor-size-sm\" href=\"https:\/\/momentum.lu\/ca\/avisos-legal\/criteris-esg\/\">\n\t\t\t\t\t\t<span class=\"elementor-button-content-wrapper\">\n\t\t\t\t\t\t\t\t\t<span class=\"elementor-button-text\">[CRITERIS ESG]<\/span>\n\t\t\t\t\t<\/span>\n\t\t\t\t\t<\/a>\n\t\t\t\t<\/div>\n\t\t\t\t\t\t\t\t<\/div>\n\t\t\t\t<\/div>\n\t\t\t\t\t<\/div>\n\t\t<\/div>\n\t\t\t\t\t<\/div>\n\t\t<\/section>\n\t\t\t\t<\/div>\n\t\t","protected":false},"excerpt":{"rendered":"<p>MILLOR EXECUCI\u00d3 \/ Selecci\u00f3 En el marc de la seva activitat de gesti\u00f3 discrecional, Momentum AM transmet cada ordre d&#8217;inversi\u00f3 per a la seva execuci\u00f3 al banc dipositari on est\u00e0 obert el compte del Client i on estan dipositats els seus actius.El mitj\u00e0 utilitzat per transmetre les nostres ordres es el proporcionat pel banc. En [&hellip;]<\/p>\n","protected":false},"author":1,"featured_media":0,"parent":7591,"menu_order":1,"comment_status":"closed","ping_status":"closed","template":"elementor_header_footer","meta":{"_seopress_robots_primary_cat":"","_seopress_titles_title":"","_seopress_titles_desc":"","_seopress_robots_index":"","inline_featured_image":false,"footnotes":""},"class_list":["post-7593","page","type-page","status-publish","hentry"],"_links":{"self":[{"href":"https:\/\/momentum.lu\/ca\/wp-json\/wp\/v2\/pages\/7593","targetHints":{"allow":["GET"]}}],"collection":[{"href":"https:\/\/momentum.lu\/ca\/wp-json\/wp\/v2\/pages"}],"about":[{"href":"https:\/\/momentum.lu\/ca\/wp-json\/wp\/v2\/types\/page"}],"author":[{"embeddable":true,"href":"https:\/\/momentum.lu\/ca\/wp-json\/wp\/v2\/users\/1"}],"replies":[{"embeddable":true,"href":"https:\/\/momentum.lu\/ca\/wp-json\/wp\/v2\/comments?post=7593"}],"version-history":[{"count":13,"href":"https:\/\/momentum.lu\/ca\/wp-json\/wp\/v2\/pages\/7593\/revisions"}],"predecessor-version":[{"id":8270,"href":"https:\/\/momentum.lu\/ca\/wp-json\/wp\/v2\/pages\/7593\/revisions\/8270"}],"up":[{"embeddable":true,"href":"https:\/\/momentum.lu\/ca\/wp-json\/wp\/v2\/pages\/7591"}],"wp:attachment":[{"href":"https:\/\/momentum.lu\/ca\/wp-json\/wp\/v2\/media?parent=7593"}],"curies":[{"name":"wp","href":"https:\/\/api.w.org\/{rel}","templated":true}]}}