{"id":7589,"date":"2021-11-17T10:48:01","date_gmt":"2021-11-17T09:48:01","guid":{"rendered":"https:\/\/momentum.lu\/e-mail-disclaimer\/"},"modified":"2025-02-18T14:44:58","modified_gmt":"2025-02-18T13:44:58","slug":"avis-legal-demail","status":"publish","type":"page","link":"https:\/\/momentum.lu\/ca\/avis-legal-demail\/","title":{"rendered":"[AV\u00cdS LEGAL D&#8217;EMAIL]"},"content":{"rendered":"\t\t<div data-elementor-type=\"wp-page\" data-elementor-id=\"7589\" class=\"elementor elementor-7589 elementor-18\" data-elementor-post-type=\"page\">\n\t\t\t\t\t\t<section class=\"elementor-section elementor-top-section elementor-element elementor-element-614cae8 elementor-section-height-min-height elementor-section-boxed elementor-section-height-default elementor-section-items-middle\" data-id=\"614cae8\" data-element_type=\"section\" data-settings=\"{&quot;background_background&quot;:&quot;classic&quot;}\">\n\t\t\t\t\t\t\t<div class=\"elementor-background-overlay\"><\/div>\n\t\t\t\t\t\t\t<div class=\"elementor-container elementor-column-gap-default\">\n\t\t\t\t\t<div class=\"elementor-column elementor-col-100 elementor-top-column elementor-element elementor-element-3abcd93\" data-id=\"3abcd93\" data-element_type=\"column\">\n\t\t\t<div class=\"elementor-widget-wrap elementor-element-populated\">\n\t\t\t\t\t\t<div class=\"elementor-element elementor-element-5f1dfa0 elementor-widget elementor-widget-heading\" data-id=\"5f1dfa0\" data-element_type=\"widget\" data-settings=\"{&quot;motion_fx_motion_fx_scrolling&quot;:&quot;yes&quot;,&quot;motion_fx_translateY_effect&quot;:&quot;yes&quot;,&quot;motion_fx_translateY_direction&quot;:&quot;negative&quot;,&quot;motion_fx_translateY_speed&quot;:{&quot;unit&quot;:&quot;px&quot;,&quot;size&quot;:3,&quot;sizes&quot;:[]},&quot;motion_fx_translateY_affectedRange&quot;:{&quot;unit&quot;:&quot;%&quot;,&quot;size&quot;:&quot;&quot;,&quot;sizes&quot;:{&quot;start&quot;:0,&quot;end&quot;:100}},&quot;motion_fx_devices&quot;:[&quot;widescreen&quot;,&quot;desktop&quot;,&quot;tablet&quot;,&quot;mobile&quot;]}\" data-widget_type=\"heading.default\">\n\t\t\t\t<div class=\"elementor-widget-container\">\n\t\t\t\t\t<h2 class=\"elementor-heading-title elementor-size-default\">Desc\u00e0rrega de responsabilitat en el correu electr\u00f2nic<\/h2>\t\t\t\t<\/div>\n\t\t\t\t<\/div>\n\t\t\t\t\t<\/div>\n\t\t<\/div>\n\t\t\t\t\t<\/div>\n\t\t<\/section>\n\t\t\t\t<section class=\"elementor-section elementor-top-section elementor-element elementor-element-5f1d755 elementor-section-boxed elementor-section-height-default elementor-section-height-default\" data-id=\"5f1d755\" data-element_type=\"section\">\n\t\t\t\t\t\t<div class=\"elementor-container elementor-column-gap-default\">\n\t\t\t\t\t<div class=\"elementor-column elementor-col-100 elementor-top-column elementor-element elementor-element-891b569\" data-id=\"891b569\" data-element_type=\"column\">\n\t\t\t<div class=\"elementor-widget-wrap elementor-element-populated\">\n\t\t\t\t\t\t<div class=\"elementor-element elementor-element-96a645f elementor-widget elementor-widget-text-editor\" data-id=\"96a645f\" data-element_type=\"widget\" data-widget_type=\"text-editor.default\">\n\t\t\t\t<div class=\"elementor-widget-container\">\n\t\t\t\t\t\t\t\t\t<main class=\"content\"><\/main><div class=\"container\"><div id=\"contentContainer\"><p>Aquest missatge i la informaci\u00f3 que cont\u00e9 estan destinats exclusivament a l&#8217;\u00fas privat de la persona a la qual va adre\u00e7at. En cap cas, les dades privilegiades, confidencials i\/o protegides per la propietat intel\u00b7lectual contingudes en aquest missatge podran ser utilitzades, copiades, divulgades a tercers o emmagatzemades.<\/p><p>Si ha rebut aquest correu electr\u00f2nic per error, destrueixi el missatge i els seus arxius adjunts immediatament i notifiqui-ho al remitent. Momentum Asset Management no accepta cap responsabilitat per p\u00e8rdues o danys derivats d&#8217;aquest missatge o del seu \u00fas. La transmissi\u00f3 de dades per correu electr\u00f2nic no es pot considerar infal\u00b7lible ni garantida, ni est\u00e0 lliure de virus.<\/p><p>Momentum Asset Management no estar\u00e0 necess\u00e0riamen comprom\u00e8s ja que qualsevol punt de vista o opini\u00f3 en aquest missatge es el de la persona que l&#8217;ha enviat, a menys que contingui una declaraci\u00f3 expl\u00edcita a tal efecte per part d&#8217;un dels seus representants oficials, la identitat del qual estigui clarament identificada.<\/p><\/div><\/div>\t\t\t\t\t\t\t\t<\/div>\n\t\t\t\t<\/div>\n\t\t\t\t\t<\/div>\n\t\t<\/div>\n\t\t\t\t\t<\/div>\n\t\t<\/section>\n\t\t\t\t<\/div>\n\t\t","protected":false},"excerpt":{"rendered":"<p>Desc\u00e0rrega de responsabilitat en el correu electr\u00f2nic Aquest missatge i la informaci\u00f3 que cont\u00e9 estan destinats exclusivament a l&#8217;\u00fas privat de la persona a la qual va adre\u00e7at. En cap cas, les dades privilegiades, confidencials i\/o protegides per la propietat intel\u00b7lectual contingudes en aquest missatge podran ser utilitzades, copiades, divulgades a tercers o emmagatzemades. Si [&hellip;]<\/p>\n","protected":false},"author":1,"featured_media":0,"parent":0,"menu_order":0,"comment_status":"closed","ping_status":"closed","template":"elementor_header_footer","meta":{"_seopress_robots_primary_cat":"","_seopress_titles_title":"","_seopress_titles_desc":"","_seopress_robots_index":"","inline_featured_image":false,"footnotes":""},"class_list":["post-7589","page","type-page","status-publish","hentry"],"_links":{"self":[{"href":"https:\/\/momentum.lu\/ca\/wp-json\/wp\/v2\/pages\/7589","targetHints":{"allow":["GET"]}}],"collection":[{"href":"https:\/\/momentum.lu\/ca\/wp-json\/wp\/v2\/pages"}],"about":[{"href":"https:\/\/momentum.lu\/ca\/wp-json\/wp\/v2\/types\/page"}],"author":[{"embeddable":true,"href":"https:\/\/momentum.lu\/ca\/wp-json\/wp\/v2\/users\/1"}],"replies":[{"embeddable":true,"href":"https:\/\/momentum.lu\/ca\/wp-json\/wp\/v2\/comments?post=7589"}],"version-history":[{"count":12,"href":"https:\/\/momentum.lu\/ca\/wp-json\/wp\/v2\/pages\/7589\/revisions"}],"predecessor-version":[{"id":8279,"href":"https:\/\/momentum.lu\/ca\/wp-json\/wp\/v2\/pages\/7589\/revisions\/8279"}],"wp:attachment":[{"href":"https:\/\/momentum.lu\/ca\/wp-json\/wp\/v2\/media?parent=7589"}],"curies":[{"name":"wp","href":"https:\/\/api.w.org\/{rel}","templated":true}]}}